{"id":642,"date":"2015-10-07T15:22:36","date_gmt":"2015-10-07T13:22:36","guid":{"rendered":"http:\/\/mettiamoliallaporta-isernia.it\/?page_id=642"},"modified":"2022-06-07T09:31:04","modified_gmt":"2022-06-07T07:31:04","slug":"cookie-policy","status":"publish","type":"page","link":"http:\/\/mettiamoliallaporta-isernia.it\/?page_id=642","title":{"rendered":"Privacy &#038; Cookie Policy"},"content":{"rendered":"<h4>Non raccogliamo dati degli utenti provenienti da form di contatto, newsletter o altri tool di acquisizione.<\/h4>\n<h4>Su questo sito non sono presenti cookie traccianti o di profilazione, eventuali cookie derivanti da contenuti incorporati di terze parti sono bloccati prima dell&#8217;accettazione<\/h4>\n<h4>Utilizzo dei Cookie<\/h4>\n<p>I cookie migliorano l&#8217;esperienza di navigazione dell&#8217;utente, aumentano l&#8217;usabilit\u00e0 del sito web, rendono il sito pi\u00f9 veloce e permettono di personalizzare i contenuti. Esistono cookie che, essendo fondamentali per le diverse funzionalit\u00e0 di sito, garantiscono l&#8217;esecuzione di operazioni e servizi user-friendly.<\/p>\n<p>I cookie possono contenere inoltre informazioni circa la lingua del sito, le schede che stai visualizzando, la dimensione dei testi e moltro altro ancora. I cookie di sessione vengono normalmente eliminati non appena viene chiuso il browser. Esistono inoltre cookie, definiti per migliorare le performance del sito, che tracciano la history delle pagine visualizzate e le interazioni degli utenti con il sito, il che ci permette di migliorare il sito e la sua usabilit\u00e0 da parte dei navigatori.<\/p>\n<h4>La gestione dei cookie<\/h4>\n<p>Se non sono rifiutati esplicitamente, i cookie che servono per il buon funzionamento del sito vengono impostati. Per utilizzare questo sito web con tutte le risorse impostate per migliorare la navigazione consigliamo di accettare tutti i cookie. Tuttavia la maggior parte dei browser web consentono di accettare o rifiutare i cookie. Qui di seguito \u00e8 possibile trovare i link alle istruzioni per la modifica delle impostazioni dei cookie dei browser pi\u00f9 comuni:<\/p>\n<ul>\n<li><a href=\"http:\/\/windows.microsoft.com\/it-it\/internet-explorer\/delete-manage-cookies#ie=ie-11\" target=\"_blank\" rel=\"noopener\">&#8211; Internet Explorer 11<\/a><\/li>\n<li><a href=\"http:\/\/windows.microsoft.com\/it-it\/internet-explorer\/delete-manage-cookies#ie=ie-10\">&#8211; Internet Explorer 10<\/a><\/li>\n<li><a href=\"http:\/\/windows.microsoft.com\/it-it\/internet-explorer\/delete-manage-cookies#ie=ie-9\" target=\"_blank\" rel=\"noopener\">&#8211; Internet Explorer 9<\/a><\/li>\n<li><a href=\"https:\/\/support.mozilla.org\/it\/kb\/Attivare%20e%20disattivare%20i%20cookie\" target=\"_blank\" rel=\"noopener\">&#8211; Mozilla Firefox<\/a><\/li>\n<li><a href=\"https:\/\/support.google.com\/chrome\/answer\/95647?hl=it&amp;ref_topic=14666\" target=\"_blank\" rel=\"noopener\">&#8211; Chrome<\/a><\/li>\n<li><a href=\"http:\/\/help.opera.com\/Windows\/10.00\/it\/cookies.html\" target=\"_blank\" rel=\"noopener\">&#8211; Opera<\/a><\/li>\n<li><a href=\"https:\/\/support.apple.com\/kb\/PH19214?viewlocale=it_IT&amp;locale=it_IT\" target=\"_blank\" rel=\"noopener\">&#8211; Safari<\/a><\/li>\n<\/ul>\n<p>Questo sito usa solo cookie tecnici per i lcorretto funzionamento di wordpress e non usa cookie di profilazione o tracciamento per scopi pubblicitari.<\/p>\n\n\n<h2 class=\"wp-block-heading\" id=\"aggiornata-al-reg-ue-2016-679-regolamento-europeo-in-materia-di-protezione-dei-dati-personali\">INFORMATIVA PRIVACY DATI SITO mettiamoliallaporta-isernia.it aggiornata al Reg UE 2016\/679<br>(Regolamento Europeo in materia di protezione dei dati personali)<\/h2>\n\n\n\n<p><strong>Non raccogliamo dati sensibili<\/strong> del\u2019utente. Non usiamo form di raccolta dati o servizi tipo newsletter o iscrizioni ad altri servizi del sito.<\/p>\n\n\n\n<h2 class=\"wp-block-heading\" id=\"estremi-identificativi-del-titolare-responsabile-e-del-privacy-officer\">Estremi identificativi del titolare, responsabile e del Privacy Officer<\/h2>\n\n\n\n<p>Gerardo Santucci, c.da Piano Cappelle, S.S.Appia km 267, 82100 Benevento, 0824 1748461, info@officinesostenibili.com<\/p>\n","protected":false},"excerpt":{"rendered":"<p>Non raccogliamo dati degli utenti provenienti da form di contatto, newsletter o altri tool di acquisizione. Su questo sito non sono presenti cookie traccianti o di profilazione, eventuali cookie derivanti da contenuti incorporati di terze parti sono bloccati prima dell&#8217;accettazione Utilizzo dei Cookie I cookie migliorano l&#8217;esperienza di navigazione dell&#8217;utente, aumentano l&#8217;usabilit\u00e0 del sito web, [&hellip;]<\/p>\n","protected":false},"author":1313,"featured_media":0,"parent":0,"menu_order":0,"comment_status":"open","ping_status":"open","template":"","meta":{"footnotes":""},"_links":{"self":[{"href":"http:\/\/mettiamoliallaporta-isernia.it\/index.php?rest_route=\/wp\/v2\/pages\/642"}],"collection":[{"href":"http:\/\/mettiamoliallaporta-isernia.it\/index.php?rest_route=\/wp\/v2\/pages"}],"about":[{"href":"http:\/\/mettiamoliallaporta-isernia.it\/index.php?rest_route=\/wp\/v2\/types\/page"}],"author":[{"embeddable":true,"href":"http:\/\/mettiamoliallaporta-isernia.it\/index.php?rest_route=\/wp\/v2\/users\/1313"}],"replies":[{"embeddable":true,"href":"http:\/\/mettiamoliallaporta-isernia.it\/index.php?rest_route=%2Fwp%2Fv2%2Fcomments&post=642"}],"version-history":[{"count":6,"href":"http:\/\/mettiamoliallaporta-isernia.it\/index.php?rest_route=\/wp\/v2\/pages\/642\/revisions"}],"predecessor-version":[{"id":835,"href":"http:\/\/mettiamoliallaporta-isernia.it\/index.php?rest_route=\/wp\/v2\/pages\/642\/revisions\/835"}],"wp:attachment":[{"href":"http:\/\/mettiamoliallaporta-isernia.it\/index.php?rest_route=%2Fwp%2Fv2%2Fmedia&parent=642"}],"curies":[{"name":"wp","href":"https:\/\/api.w.org\/{rel}","templated":true}]}}